{"id":1213,"date":"2026-04-13T14:01:44","date_gmt":"2026-04-13T14:01:44","guid":{"rendered":"https:\/\/staging.alpontemocenigo.com\/?page_id=1213"},"modified":"2026-04-14T06:14:14","modified_gmt":"2026-04-14T06:14:14","slug":"fruhstuck-hotel-venedig-innenhof","status":"publish","type":"page","link":"https:\/\/staging.alpontemocenigo.com\/de\/fruhstuck-hotel-venedig-innenhof\/","title":{"rendered":"Fr\u00fchst\u00fcck im Hotel Al Ponte Mocenigo: ein besonderer Start in den Tag in Venedig"},"content":{"rendered":"\n<h2 class=\"wp-block-heading\">Ein entspanntes Fr\u00fchst\u00fcckserlebnis im authentischen Herzen von Venedig<\/h2>\n\n\n\n<p>Den Tag in Venedig mit der richtigen Atmosph\u00e4re zu beginnen, macht einen gro\u00dfen Unterschied. Im Hotel Al Ponte Mocenigo ist das Fr\u00fchst\u00fcck nicht nur ein Service, sondern ein Moment, den man in Ruhe genie\u00dfen sollte, bevor man die Stadt entdeckt.<\/p>\n\n\n\n<p>Jeden Morgen werden die G\u00e4ste vom Duft frisch gebr\u00fchten Kaffees und einem reichhaltigen Buffet empfangen, das sorgf\u00e4ltig zusammengestellt ist, um unterschiedliche Geschm\u00e4cker zu erf\u00fcllen. Ob Sie ein leichtes Fr\u00fchst\u00fcck bevorzugen oder etwas Kr\u00e4ftigeres \u2013 hier finden Sie eine vielf\u00e4ltige Auswahl f\u00fcr einen perfekten Start in den Tag.<\/p>\n\n\n\n<h3 class=\"wp-block-heading\">Ein reichhaltiges Buffet mit s\u00fc\u00dfen und herzhaften Optionen<\/h3>\n\n\n\n<p>Das Fr\u00fchst\u00fccksbuffet bietet eine ausgewogene Auswahl zwischen s\u00fc\u00dfen und herzhaften Speisen. Sie k\u00f6nnen frische Croissants, Kuchen und Geb\u00e4ck genie\u00dfen, aber auch Aufschnitt, K\u00e4se und warme Optionen wie Eier. Au\u00dferdem stehen Joghurt, M\u00fcsli und frisches Obst zur Verf\u00fcgung.<\/p>\n\n\n\n<p>Alle Produkte werden mit besonderem Augenmerk auf Qualit\u00e4t ausgew\u00e4hlt, um Ihnen ein angenehmes und genussvolles Fr\u00fchst\u00fcck zu bieten.<\/p>\n\n\n\n<h3 class=\"wp-block-heading\">Fr\u00fchst\u00fcck im ruhigen Innenhof<\/h3>\n\n\n\n<p>Einer der am meisten gesch\u00e4tzten Aspekte ist der Ort, an dem das Fr\u00fchst\u00fcck serviert wird. In den w\u00e4rmeren Monaten k\u00f6nnen Sie im charmanten Innenhof fr\u00fchst\u00fccken \u2013 ein ruhiger und gesch\u00fctzter Ort abseits der touristischen Hektik.<\/p>\n\n\n\n<p>Im Freien zu fr\u00fchst\u00fccken, in einer entspannten und intimen Atmosph\u00e4re, erm\u00f6glicht es Ihnen, eine authentischere Seite von Venedig zu erleben.<\/p>\n\n\n\n<h3 class=\"wp-block-heading\">Angenehme Atmosph\u00e4re zu jeder Jahreszeit<\/h3>\n\n\n\n<p>Bei k\u00fchleren Temperaturen wird das Fr\u00fchst\u00fcck in den eleganten Innenr\u00e4umen des Hotels serviert, die den traditionellen venezianischen Stil widerspiegeln. Die warme und einladende Atmosph\u00e4re sorgt zu jeder Jahreszeit f\u00fcr einen gelungenen Start in den Tag.<\/p>\n\n\n\n<p>Das freundliche und aufmerksame Personal steht jederzeit zur Verf\u00fcgung und hilft Ihnen gerne dabei, Ihren Tag in Venedig zu planen.<\/p>\n\n\n\n<h3 class=\"wp-block-heading\">Ein Moment der Ruhe vor der Entdeckung Venedigs<\/h3>\n\n\n\n<p>Im Hotel Al Ponte Mocenigo wird das Fr\u00fchst\u00fcck zu einem wichtigen Teil des Aufenthaltserlebnisses. Es ist ein Moment der Ruhe, Qualit\u00e4t und Entspannung, der Ihnen hilft, den Tag optimal zu beginnen.<\/p>\n\n\n\n<p>Sich Zeit f\u00fcr das Fr\u00fchst\u00fcck zu nehmen bedeutet, sich auf den authentischen Rhythmus der Stadt einzulassen, <a href=\"https:\/\/staging.alpontemocenigo.com\/de\/das-beste-hotel-in-venedig-um-die-venezianische-kunst-und-kultur-zu-entdecken\/\" data-type=\"link\" data-id=\"https:\/\/staging.alpontemocenigo.com\/de\/das-beste-hotel-in-venedig-um-die-venezianische-kunst-und-kultur-zu-entdecken\/\">bevor man durch Gassen<\/a>, Pl\u00e4tze und Kan\u00e4le Venedigs schlendert.<\/p>\n\n\n\n<figure class=\"wp-block-gallery has-nested-images columns-default is-cropped wp-block-gallery-1 is-layout-flex wp-block-gallery-is-layout-flex\">\n<figure class=\"wp-block-image size-large\"><img loading=\"lazy\" decoding=\"async\" width=\"1024\" height=\"683\" data-id=\"1166\" src=\"https:\/\/staging.alpontemocenigo.com\/wp-content\/uploads\/2026\/04\/Breakfast.jpg\" alt=\"Breakfast\" class=\"wp-image-1166\" srcset=\"https:\/\/staging.alpontemocenigo.com\/wp-content\/uploads\/2026\/04\/Breakfast.jpg 1024w, https:\/\/staging.alpontemocenigo.com\/wp-content\/uploads\/2026\/04\/Breakfast-300x200.jpg 300w, https:\/\/staging.alpontemocenigo.com\/wp-content\/uploads\/2026\/04\/Breakfast-768x512.jpg 768w\" sizes=\"auto, (max-width: 1024px) 100vw, 1024px\" \/><\/figure>\n\n\n\n<figure class=\"wp-block-image size-large\"><img loading=\"lazy\" decoding=\"async\" width=\"1024\" height=\"683\" data-id=\"1167\" src=\"https:\/\/staging.alpontemocenigo.com\/wp-content\/uploads\/2026\/04\/Breakfast1.jpg\" alt=\"Breakfast\" class=\"wp-image-1167\" srcset=\"https:\/\/staging.alpontemocenigo.com\/wp-content\/uploads\/2026\/04\/Breakfast1.jpg 1024w, https:\/\/staging.alpontemocenigo.com\/wp-content\/uploads\/2026\/04\/Breakfast1-300x200.jpg 300w, https:\/\/staging.alpontemocenigo.com\/wp-content\/uploads\/2026\/04\/Breakfast1-768x512.jpg 768w\" sizes=\"auto, (max-width: 1024px) 100vw, 1024px\" \/><\/figure>\n\n\n\n<figure class=\"wp-block-image size-large\"><img loading=\"lazy\" decoding=\"async\" width=\"1024\" height=\"768\" data-id=\"1168\" src=\"https:\/\/staging.alpontemocenigo.com\/wp-content\/uploads\/2026\/04\/Breakfast2.jpg\" alt=\"Breakfast\" class=\"wp-image-1168\" srcset=\"https:\/\/staging.alpontemocenigo.com\/wp-content\/uploads\/2026\/04\/Breakfast2.jpg 1024w, https:\/\/staging.alpontemocenigo.com\/wp-content\/uploads\/2026\/04\/Breakfast2-300x225.jpg 300w, https:\/\/staging.alpontemocenigo.com\/wp-content\/uploads\/2026\/04\/Breakfast2-768x576.jpg 768w\" sizes=\"auto, (max-width: 1024px) 100vw, 1024px\" \/><\/figure>\n\n\n\n<figure class=\"wp-block-image size-large\"><img loading=\"lazy\" decoding=\"async\" width=\"1024\" height=\"768\" data-id=\"1169\" src=\"https:\/\/staging.alpontemocenigo.com\/wp-content\/uploads\/2026\/04\/Breakfast3.jpg\" alt=\"Breakfast\" class=\"wp-image-1169\" srcset=\"https:\/\/staging.alpontemocenigo.com\/wp-content\/uploads\/2026\/04\/Breakfast3.jpg 1024w, https:\/\/staging.alpontemocenigo.com\/wp-content\/uploads\/2026\/04\/Breakfast3-300x225.jpg 300w, https:\/\/staging.alpontemocenigo.com\/wp-content\/uploads\/2026\/04\/Breakfast3-768x576.jpg 768w\" sizes=\"auto, (max-width: 1024px) 100vw, 1024px\" \/><\/figure>\n\n\n\n<figure class=\"wp-block-image size-large\"><img loading=\"lazy\" decoding=\"async\" width=\"1024\" height=\"768\" data-id=\"1170\" src=\"https:\/\/staging.alpontemocenigo.com\/wp-content\/uploads\/2026\/04\/Breakfast4.jpg\" alt=\"Breakfast\" class=\"wp-image-1170\" srcset=\"https:\/\/staging.alpontemocenigo.com\/wp-content\/uploads\/2026\/04\/Breakfast4.jpg 1024w, https:\/\/staging.alpontemocenigo.com\/wp-content\/uploads\/2026\/04\/Breakfast4-300x225.jpg 300w, https:\/\/staging.alpontemocenigo.com\/wp-content\/uploads\/2026\/04\/Breakfast4-768x576.jpg 768w\" sizes=\"auto, (max-width: 1024px) 100vw, 1024px\" \/><\/figure>\n\n\n\n<figure class=\"wp-block-image size-large\"><img loading=\"lazy\" decoding=\"async\" width=\"1024\" height=\"768\" data-id=\"1171\" src=\"https:\/\/staging.alpontemocenigo.com\/wp-content\/uploads\/2026\/04\/Breakfast5.jpg\" alt=\"Breakfast\" class=\"wp-image-1171\" srcset=\"https:\/\/staging.alpontemocenigo.com\/wp-content\/uploads\/2026\/04\/Breakfast5.jpg 1024w, https:\/\/staging.alpontemocenigo.com\/wp-content\/uploads\/2026\/04\/Breakfast5-300x225.jpg 300w, https:\/\/staging.alpontemocenigo.com\/wp-content\/uploads\/2026\/04\/Breakfast5-768x576.jpg 768w\" sizes=\"auto, (max-width: 1024px) 100vw, 1024px\" \/><\/figure>\n<\/figure>\n\n\n\n<div class=\"wp-block-group has-background\" style=\"background-color:#a5ba667a;padding-top:20px;padding-right:20px;padding-bottom:20px;padding-left:20px\"><div class=\"wp-block-group__inner-container is-layout-flow wp-block-group-is-layout-flow\">\n<p><strong>Buchen Sie direkt auf unserer Website und beginnen Sie jeden Tag in Venedig mit einem entspannten und authentischen Fr\u00fchst\u00fcck.<\/strong><\/p>\n\n\n\n<div class=\"wp-block-buttons is-layout-flex wp-block-buttons-is-layout-flex\">\n<div class=\"wp-block-button\"><a class=\"wp-block-button__link wp-element-button\" href=\"https:\/\/be.bookingexpert.it\/book\/simple\/step1?hotel=44457\" target=\"_blank\" rel=\"noreferrer noopener\">BUCHEN<\/a><\/div>\n<\/div>\n<\/div><\/div>\n\n\n\n<h3 class=\"wp-block-heading\">H\u00e4ufig gestellte Fragen<\/h3>\n\n\n<div id=\"rank-math-faq\" class=\"rank-math-block\">\n<div class=\"rank-math-list \">\n<div id=\"faq-de-1\" class=\"rank-math-list-item\">\n<h3 class=\"rank-math-question \">Ist das Fr\u00fchst\u00fcck im Hotel Al Ponte Mocenigo inklusive?<\/h3>\n<div class=\"rank-math-answer \">\n\n<p>Ja, das Fr\u00fchst\u00fcck ist im Aufenthalt inbegriffen und bietet jeden Morgen eine gro\u00dfe Auswahl an s\u00fc\u00dfen und herzhaften Speisen.<\/p>\n\n<\/div>\n<\/div>\n<div id=\"faq-de-2\" class=\"rank-math-list-item\">\n<h3 class=\"rank-math-question \">Wo wird das Fr\u00fchst\u00fcck serviert?<\/h3>\n<div class=\"rank-math-answer \">\n\n<p>Das Fr\u00fchst\u00fcck wird entweder in den eleganten Innenr\u00e4umen oder in den w\u00e4rmeren Monaten im ruhigen Innenhof serviert.<\/p>\n\n<\/div>\n<\/div>\n<div id=\"faq-de-3\" class=\"rank-math-list-item\">\n<h3 class=\"rank-math-question \">Welche Speisen gibt es zum Fr\u00fchst\u00fcck?<\/h3>\n<div class=\"rank-math-answer \">\n\n<p>Das Buffet umfasst Geb\u00e4ck, Kuchen, Aufschnitt, K\u00e4se, Eier, Joghurt, M\u00fcsli und frisches Obst.<\/p>\n\n<\/div>\n<\/div>\n<div id=\"faq-de-4\" class=\"rank-math-list-item\">\n<h3 class=\"rank-math-question \">Ist das Fr\u00fchst\u00fcck f\u00fcr verschiedene Ern\u00e4hrungsgewohnheiten geeignet?<\/h3>\n<div class=\"rank-math-answer \">\n\n<p>Ja, es gibt sowohl leichte als auch reichhaltigere Optionen f\u00fcr unterschiedliche Vorlieben.<\/p>\n\n<\/div>\n<\/div>\n<\/div>\n<\/div>","protected":false},"excerpt":{"rendered":"<p>Ein entspanntes Fr\u00fchst\u00fcckserlebnis im authentischen Herzen von Venedig Den Tag in Venedig mit der richtigen Atmosph\u00e4re zu beginnen, macht einen gro\u00dfen Unterschied. Im Hotel Al Ponte Mocenigo ist das Fr\u00fchst\u00fcck nicht nur ein Service, sondern ein Moment, den man in Ruhe genie\u00dfen sollte, bevor man die Stadt entdeckt. Jeden Morgen werden die G\u00e4ste vom Duft [&hellip;]<\/p>\n","protected":false},"author":1,"featured_media":0,"parent":0,"menu_order":0,"comment_status":"closed","ping_status":"closed","template":"","meta":{"_acf_changed":false,"footnotes":""},"class_list":["post-1213","page","type-page","status-publish","hentry"],"acf":[],"_links":{"self":[{"href":"https:\/\/staging.alpontemocenigo.com\/de\/wp-json\/wp\/v2\/pages\/1213","targetHints":{"allow":["GET"]}}],"collection":[{"href":"https:\/\/staging.alpontemocenigo.com\/de\/wp-json\/wp\/v2\/pages"}],"about":[{"href":"https:\/\/staging.alpontemocenigo.com\/de\/wp-json\/wp\/v2\/types\/page"}],"author":[{"embeddable":true,"href":"https:\/\/staging.alpontemocenigo.com\/de\/wp-json\/wp\/v2\/users\/1"}],"replies":[{"embeddable":true,"href":"https:\/\/staging.alpontemocenigo.com\/de\/wp-json\/wp\/v2\/comments?post=1213"}],"version-history":[{"count":3,"href":"https:\/\/staging.alpontemocenigo.com\/de\/wp-json\/wp\/v2\/pages\/1213\/revisions"}],"predecessor-version":[{"id":1220,"href":"https:\/\/staging.alpontemocenigo.com\/de\/wp-json\/wp\/v2\/pages\/1213\/revisions\/1220"}],"wp:attachment":[{"href":"https:\/\/staging.alpontemocenigo.com\/de\/wp-json\/wp\/v2\/media?parent=1213"}],"curies":[{"name":"wp","href":"https:\/\/api.w.org\/{rel}","templated":true}]}}