{"id":389,"date":"2026-01-30T16:12:37","date_gmt":"2026-01-30T16:12:37","guid":{"rendered":"https:\/\/staging.alpontemocenigo.com\/gallery\/"},"modified":"2026-02-03T13:49:33","modified_gmt":"2026-02-03T13:49:33","slug":"gallery","status":"publish","type":"page","link":"https:\/\/staging.alpontemocenigo.com\/de\/gallery\/","title":{"rendered":"Gallery"},"content":{"rendered":"\n<p><strong>Al Ponte Mocenigo<\/strong><\/p>\n\n\n\n<div style=\"height:56px\" aria-hidden=\"true\" class=\"wp-block-spacer\"><\/div>\n\n\n\n<p>Das Hotel, das dem ruhigen Rio di San Stae gegen\u00fcberliegt, erh\u00e4lt seinen Namen vom Privatsteg aus Marmor, \u00fcber den man ins Hotel gelangt und dessen Stufen direkt in den charakteristischen privaten Innenhof f\u00fchren. Man erz\u00e4hlt, dass Graf Alvise Mocenigo, bevor er zum Doge Venedigs ernannt wurde, eben diesen Steg f\u00fcr seine amour\u00f6sen Rendezvous benutzt haben soll.<\/p>\n\n\n\n<p>Im Hof k\u00f6nnen die G\u00e4ste w\u00e4hrend der warmen Saison ihr Fr\u00fchst\u00fcck einnehmen, oder gegen Abend einen Drink genie\u00dfen, umh\u00fcllt von den Pflanzen und den Blumen ringsum, den S\u00e4ulen, den Statuen und den antiken Friesen.<\/p>\n\n\n\n<div style=\"height:56px\" aria-hidden=\"true\" class=\"wp-block-spacer\"><\/div>\n\n\n\n<figure class=\"wp-block-gallery has-nested-images columns-default is-cropped wp-block-gallery-1 is-layout-flex wp-block-gallery-is-layout-flex\">\n<figure class=\"wp-block-image size-large\"><a href=\"https:\/\/alpontemocenigo.com\/wp-content\/uploads\/2020\/10\/foto2.jpg\" data-lbwps-width=\"875\" data-lbwps-height=\"1259\" data-lbwps-srcsmall=\"https:\/\/alpontemocenigo.com\/wp-content\/uploads\/2020\/10\/foto2.jpg\"><img decoding=\"async\" data-id=\"206\" src=\"https:\/\/alpontemocenigo.com\/wp-content\/uploads\/2020\/10\/foto2-712x1024.jpg\" alt=\"Palace's side facade\" class=\"wp-image-206\"\/><\/a><\/figure>\n\n\n\n<figure class=\"wp-block-image size-large\"><a href=\"https:\/\/alpontemocenigo.com\/wp-content\/uploads\/2020\/10\/5e799cb9_z.jpg\" data-lbwps-width=\"773\" data-lbwps-height=\"530\" data-lbwps-srcsmall=\"https:\/\/alpontemocenigo.com\/wp-content\/uploads\/2020\/10\/5e799cb9_z.jpg\"><img decoding=\"async\" data-id=\"198\" src=\"https:\/\/alpontemocenigo.com\/wp-content\/uploads\/2020\/10\/5e799cb9_z.jpg\" alt=\"Courtyard\" class=\"wp-image-198\"\/><\/a><\/figure>\n\n\n\n<figure class=\"wp-block-image size-large\"><a href=\"https:\/\/alpontemocenigo.com\/wp-content\/uploads\/2020\/10\/182f3401_z.jpg\" data-lbwps-width=\"773\" data-lbwps-height=\"530\" data-lbwps-srcsmall=\"https:\/\/alpontemocenigo.com\/wp-content\/uploads\/2020\/10\/182f3401_z.jpg\"><img decoding=\"async\" data-id=\"192\" src=\"https:\/\/alpontemocenigo.com\/wp-content\/uploads\/2020\/10\/182f3401_z.jpg\" alt=\"Courtyard\" class=\"wp-image-192\"\/><\/a><\/figure>\n\n\n\n<figure class=\"wp-block-image size-large\"><a href=\"https:\/\/alpontemocenigo.com\/wp-content\/uploads\/2020\/10\/foto.jpg\" data-lbwps-width=\"875\" data-lbwps-height=\"1313\" data-lbwps-srcsmall=\"https:\/\/alpontemocenigo.com\/wp-content\/uploads\/2020\/10\/foto.jpg\"><img decoding=\"async\" data-id=\"171\" src=\"https:\/\/alpontemocenigo.com\/wp-content\/uploads\/2020\/10\/foto-682x1024.jpg\" alt=\"Palace's side facade\" class=\"wp-image-171\"\/><\/a><\/figure>\n\n\n\n<figure class=\"wp-block-image size-large\"><a href=\"https:\/\/alpontemocenigo.com\/wp-content\/uploads\/2020\/10\/DSC_1364.jpg\" data-lbwps-width=\"560\" data-lbwps-height=\"840\" data-lbwps-srcsmall=\"https:\/\/alpontemocenigo.com\/wp-content\/uploads\/2020\/10\/DSC_1364.jpg\"><img decoding=\"async\" data-id=\"267\" src=\"https:\/\/alpontemocenigo.com\/wp-content\/uploads\/2020\/10\/DSC_1364.jpg\" alt=\"Canal of Venice\" class=\"wp-image-267\"\/><\/a><\/figure>\n\n\n\n<figure class=\"wp-block-image size-large\"><a href=\"https:\/\/alpontemocenigo.com\/wp-content\/uploads\/2020\/10\/DSC_1372b.jpg\" data-lbwps-width=\"560\" data-lbwps-height=\"840\" data-lbwps-srcsmall=\"https:\/\/alpontemocenigo.com\/wp-content\/uploads\/2020\/10\/DSC_1372b.jpg\"><img decoding=\"async\" data-id=\"273\" src=\"https:\/\/alpontemocenigo.com\/wp-content\/uploads\/2020\/10\/DSC_1372b.jpg\" alt=\"Palace's side facade\" class=\"wp-image-273\"\/><\/a><\/figure>\n\n\n\n<figure class=\"wp-block-image size-large\"><a href=\"https:\/\/alpontemocenigo.com\/wp-content\/uploads\/2020\/10\/DSC_1378.jpg\" data-lbwps-width=\"560\" data-lbwps-height=\"840\" data-lbwps-srcsmall=\"https:\/\/alpontemocenigo.com\/wp-content\/uploads\/2020\/10\/DSC_1378.jpg\"><img decoding=\"async\" data-id=\"279\" src=\"https:\/\/alpontemocenigo.com\/wp-content\/uploads\/2020\/10\/DSC_1378.jpg\" alt=\"Palace's side facade\" class=\"wp-image-279\"\/><\/a><\/figure>\n\n\n\n<figure class=\"wp-block-image size-large\"><a href=\"https:\/\/alpontemocenigo.com\/wp-content\/uploads\/2020\/10\/DSC_1387.jpg\" data-lbwps-width=\"560\" data-lbwps-height=\"840\" data-lbwps-srcsmall=\"https:\/\/alpontemocenigo.com\/wp-content\/uploads\/2020\/10\/DSC_1387.jpg\"><img decoding=\"async\" data-id=\"285\" src=\"https:\/\/alpontemocenigo.com\/wp-content\/uploads\/2020\/10\/DSC_1387.jpg\" alt=\"Courtyard\" class=\"wp-image-285\"\/><\/a><\/figure>\n\n\n\n<figure class=\"wp-block-image size-large\"><a href=\"https:\/\/alpontemocenigo.com\/wp-content\/uploads\/2020\/10\/DSC_1435b.jpg\" data-lbwps-width=\"840\" data-lbwps-height=\"560\" data-lbwps-srcsmall=\"https:\/\/alpontemocenigo.com\/wp-content\/uploads\/2020\/10\/DSC_1435b.jpg\"><img decoding=\"async\" data-id=\"291\" src=\"https:\/\/alpontemocenigo.com\/wp-content\/uploads\/2020\/10\/DSC_1435b.jpg\" alt=\"Courtyard\" class=\"wp-image-291\"\/><\/a><\/figure>\n<\/figure>\n\n\n\n<div style=\"height:56px\" aria-hidden=\"true\" class=\"wp-block-spacer\"><\/div>\n\n\n\n<p><strong>Venezianischen Stil<\/strong><\/p>\n\n\n\n<p><\/p>\n\n\n\n<p>Jede charakteristische Einzelheit des Hotels Al Ponte Mocenigo tr\u00e4gt dazu bei, die faszinierende Atmosph\u00e4re des antiken Venedigs wieder aufleben zu lassen: wie etwa die herrlichen antiken, von Hand dekorierten T\u00fcren, die f\u00fcr den Bau von besonderen Schr\u00e4nken verwendet wurden, oder die Einrichtung im Stil des achtzehnten Jahrhunderts und die original Balkendecken.<\/p>\n\n\n\n<div style=\"height:56px\" aria-hidden=\"true\" class=\"wp-block-spacer\"><\/div>\n\n\n\n<figure class=\"wp-block-gallery has-nested-images columns-default is-cropped wp-block-gallery-2 is-layout-flex wp-block-gallery-is-layout-flex\">\n<figure class=\"wp-block-image size-large\"><a href=\"https:\/\/alpontemocenigo.com\/wp-content\/uploads\/2020\/10\/MG_9896.jpg\" data-lbwps-width=\"840\" data-lbwps-height=\"560\" data-lbwps-srcsmall=\"https:\/\/alpontemocenigo.com\/wp-content\/uploads\/2020\/10\/MG_9896.jpg\"><img decoding=\"async\" data-id=\"429\" src=\"https:\/\/alpontemocenigo.com\/wp-content\/uploads\/2020\/10\/MG_9896.jpg\" alt=\"\" class=\"wp-image-429\"\/><\/a><\/figure>\n\n\n\n<figure class=\"wp-block-image size-large\"><a href=\"https:\/\/alpontemocenigo.com\/wp-content\/uploads\/2020\/10\/MG_2589-2.jpg\" data-lbwps-width=\"840\" data-lbwps-height=\"560\" data-lbwps-srcsmall=\"https:\/\/alpontemocenigo.com\/wp-content\/uploads\/2020\/10\/MG_2589-2.jpg\"><img decoding=\"async\" data-id=\"375\" src=\"https:\/\/alpontemocenigo.com\/wp-content\/uploads\/2020\/10\/MG_2589-2.jpg\" alt=\"doppia-superior\" class=\"wp-image-375\"\/><\/a><\/figure>\n\n\n\n<figure class=\"wp-block-image size-large\"><a href=\"https:\/\/alpontemocenigo.com\/wp-content\/uploads\/2020\/10\/MG_2584.jpg\" data-lbwps-width=\"840\" data-lbwps-height=\"560\" data-lbwps-srcsmall=\"https:\/\/alpontemocenigo.com\/wp-content\/uploads\/2020\/10\/MG_2584.jpg\"><img decoding=\"async\" data-id=\"357\" src=\"https:\/\/alpontemocenigo.com\/wp-content\/uploads\/2020\/10\/MG_2584.jpg\" alt=\"\" class=\"wp-image-357\"\/><\/a><\/figure>\n\n\n\n<figure class=\"wp-block-image size-large\"><a href=\"https:\/\/alpontemocenigo.com\/wp-content\/uploads\/2020\/10\/MG_2582.jpg\" data-lbwps-width=\"840\" data-lbwps-height=\"560\" data-lbwps-srcsmall=\"https:\/\/alpontemocenigo.com\/wp-content\/uploads\/2020\/10\/MG_2582.jpg\"><img decoding=\"async\" data-id=\"351\" src=\"https:\/\/alpontemocenigo.com\/wp-content\/uploads\/2020\/10\/MG_2582.jpg\" alt=\"\" class=\"wp-image-351\"\/><\/a><\/figure>\n\n\n\n<figure class=\"wp-block-image size-large\"><a href=\"https:\/\/alpontemocenigo.com\/wp-content\/uploads\/2020\/10\/DSC_9709.jpg\" data-lbwps-width=\"840\" data-lbwps-height=\"560\" data-lbwps-srcsmall=\"https:\/\/alpontemocenigo.com\/wp-content\/uploads\/2020\/10\/DSC_9709.jpg\"><img decoding=\"async\" data-id=\"303\" src=\"https:\/\/alpontemocenigo.com\/wp-content\/uploads\/2020\/10\/DSC_9709.jpg\" alt=\"Reception\" class=\"wp-image-303\"\/><\/a><\/figure>\n\n\n\n<figure class=\"wp-block-image size-large\"><a href=\"https:\/\/alpontemocenigo.com\/wp-content\/uploads\/2020\/10\/DSCF1331.jpg\" data-lbwps-width=\"840\" data-lbwps-height=\"560\" data-lbwps-srcsmall=\"https:\/\/alpontemocenigo.com\/wp-content\/uploads\/2020\/10\/DSCF1331.jpg\"><img decoding=\"async\" data-id=\"309\" src=\"https:\/\/alpontemocenigo.com\/wp-content\/uploads\/2020\/10\/DSCF1331.jpg\" alt=\"Hallway\" class=\"wp-image-309\"\/><\/a><\/figure>\n\n\n\n<figure class=\"wp-block-image size-large\"><a href=\"https:\/\/alpontemocenigo.com\/wp-content\/uploads\/2020\/10\/doppia-economy-head.jpg\" data-lbwps-width=\"2880\" data-lbwps-height=\"1170\" data-lbwps-srcsmall=\"https:\/\/alpontemocenigo.com\/wp-content\/uploads\/2020\/10\/doppia-economy-head.jpg\"><img decoding=\"async\" data-id=\"3660\" src=\"https:\/\/alpontemocenigo.com\/wp-content\/uploads\/2020\/10\/doppia-economy-head-1024x416.jpg\" alt=\"doppia-economy\" class=\"wp-image-3660\"\/><\/a><\/figure>\n\n\n\n<figure class=\"wp-block-image size-large\"><a href=\"https:\/\/alpontemocenigo.com\/wp-content\/uploads\/2020\/10\/doppia-standard-6.jpg\" data-lbwps-width=\"840\" data-lbwps-height=\"560\" data-lbwps-srcsmall=\"https:\/\/alpontemocenigo.com\/wp-content\/uploads\/2020\/10\/doppia-standard-6.jpg\"><img decoding=\"async\" data-id=\"3654\" src=\"https:\/\/alpontemocenigo.com\/wp-content\/uploads\/2020\/10\/doppia-standard-6.jpg\" alt=\"doppia-standard\" class=\"wp-image-3654\"\/><\/a><\/figure>\n\n\n\n<figure class=\"wp-block-image size-large\"><a href=\"https:\/\/alpontemocenigo.com\/wp-content\/uploads\/2020\/10\/doppia-standard-3.jpg\" data-lbwps-width=\"840\" data-lbwps-height=\"563\" data-lbwps-srcsmall=\"https:\/\/alpontemocenigo.com\/wp-content\/uploads\/2020\/10\/doppia-standard-3.jpg\"><img decoding=\"async\" data-id=\"3648\" src=\"https:\/\/alpontemocenigo.com\/wp-content\/uploads\/2020\/10\/doppia-standard-3.jpg\" alt=\"doppia-standard\" class=\"wp-image-3648\"\/><\/a><\/figure>\n\n\n\n<figure class=\"wp-block-image size-large\"><a href=\"https:\/\/alpontemocenigo.com\/wp-content\/uploads\/2020\/10\/doppia-superior-2.jpg\" data-lbwps-width=\"840\" data-lbwps-height=\"560\" data-lbwps-srcsmall=\"https:\/\/alpontemocenigo.com\/wp-content\/uploads\/2020\/10\/doppia-superior-2.jpg\"><img decoding=\"async\" data-id=\"3619\" src=\"https:\/\/alpontemocenigo.com\/wp-content\/uploads\/2020\/10\/doppia-superior-2.jpg\" alt=\"doppia-superior\" class=\"wp-image-3619\"\/><\/a><\/figure>\n<\/figure>\n\n\n\n<div style=\"height:56px\" aria-hidden=\"true\" class=\"wp-block-spacer\"><\/div>\n\n\n\n<p><strong>Zimmer&amp;Suite<\/strong><\/p>\n\n\n\n<p><\/p>\n\n\n\n<p>Hier k\u00f6nnen sich unsere G\u00e4ste in Zimmern entspannen, die komplett im damals beliebten Stil des 18. Jahrhunderts eingerichtet sind, mit gro\u00dfen Betten, damastartigen Vorh\u00e4ngen und lackierten M\u00f6beln, in denen die vorherrschenden Farben pastellgr\u00fcn, cremewei\u00df und gold sind.<\/p>\n\n\n\n<div style=\"height:56px\" aria-hidden=\"true\" class=\"wp-block-spacer\"><\/div>\n\n\n\n<figure class=\"wp-block-gallery has-nested-images columns-default is-cropped wp-block-gallery-3 is-layout-flex wp-block-gallery-is-layout-flex\">\n<figure class=\"wp-block-image size-large\"><a href=\"https:\/\/alpontemocenigo.com\/wp-content\/uploads\/2020\/10\/MG_9978-1.jpg\" data-lbwps-width=\"840\" data-lbwps-height=\"560\" data-lbwps-srcsmall=\"https:\/\/alpontemocenigo.com\/wp-content\/uploads\/2020\/10\/MG_9978-1.jpg\"><img decoding=\"async\" data-id=\"495\" src=\"https:\/\/alpontemocenigo.com\/wp-content\/uploads\/2020\/10\/MG_9978-1.jpg\" alt=\"\" class=\"wp-image-495\"\/><\/a><\/figure>\n\n\n\n<figure class=\"wp-block-image size-large\"><a href=\"https:\/\/alpontemocenigo.com\/wp-content\/uploads\/2020\/10\/MG_9973-1.jpg\" data-lbwps-width=\"840\" data-lbwps-height=\"560\" data-lbwps-srcsmall=\"https:\/\/alpontemocenigo.com\/wp-content\/uploads\/2020\/10\/MG_9973-1.jpg\"><img decoding=\"async\" data-id=\"489\" src=\"https:\/\/alpontemocenigo.com\/wp-content\/uploads\/2020\/10\/MG_9973-1.jpg\" alt=\"Junior Suite\" class=\"wp-image-489\"\/><\/a><\/figure>\n\n\n\n<figure class=\"wp-block-image size-large\"><a href=\"https:\/\/alpontemocenigo.com\/wp-content\/uploads\/2020\/10\/MG_9891-1.jpg\" data-lbwps-width=\"840\" data-lbwps-height=\"560\" data-lbwps-srcsmall=\"https:\/\/alpontemocenigo.com\/wp-content\/uploads\/2020\/10\/MG_9891-1.jpg\"><img decoding=\"async\" data-id=\"411\" src=\"https:\/\/alpontemocenigo.com\/wp-content\/uploads\/2020\/10\/MG_9891-1.jpg\" alt=\"\" class=\"wp-image-411\"\/><\/a><\/figure>\n\n\n\n<figure class=\"wp-block-image size-large\"><a href=\"https:\/\/alpontemocenigo.com\/wp-content\/uploads\/2020\/10\/MG_9892.jpg\" data-lbwps-width=\"840\" data-lbwps-height=\"560\" data-lbwps-srcsmall=\"https:\/\/alpontemocenigo.com\/wp-content\/uploads\/2020\/10\/MG_9892.jpg\"><img decoding=\"async\" data-id=\"417\" src=\"https:\/\/alpontemocenigo.com\/wp-content\/uploads\/2020\/10\/MG_9892.jpg\" alt=\"\" class=\"wp-image-417\"\/><\/a><\/figure>\n\n\n\n<figure class=\"wp-block-image size-large\"><a href=\"https:\/\/alpontemocenigo.com\/wp-content\/uploads\/2020\/10\/MG_9785-1.jpg\" data-lbwps-width=\"840\" data-lbwps-height=\"560\" data-lbwps-srcsmall=\"https:\/\/alpontemocenigo.com\/wp-content\/uploads\/2020\/10\/MG_9785-1.jpg\"><img decoding=\"async\" data-id=\"405\" src=\"https:\/\/alpontemocenigo.com\/wp-content\/uploads\/2020\/10\/MG_9785-1.jpg\" alt=\"\" class=\"wp-image-405\"\/><\/a><\/figure>\n\n\n\n<figure class=\"wp-block-image size-large\"><a href=\"https:\/\/alpontemocenigo.com\/wp-content\/uploads\/2020\/10\/MG_9893.jpg\" data-lbwps-width=\"560\" data-lbwps-height=\"840\" data-lbwps-srcsmall=\"https:\/\/alpontemocenigo.com\/wp-content\/uploads\/2020\/10\/MG_9893.jpg\"><img decoding=\"async\" data-id=\"423\" src=\"https:\/\/alpontemocenigo.com\/wp-content\/uploads\/2020\/10\/MG_9893.jpg\" alt=\"\" class=\"wp-image-423\"\/><\/a><\/figure>\n\n\n\n<figure class=\"wp-block-image size-large\"><a href=\"https:\/\/alpontemocenigo.com\/wp-content\/uploads\/2020\/10\/MG_2590.jpg\" data-lbwps-width=\"840\" data-lbwps-height=\"560\" data-lbwps-srcsmall=\"https:\/\/alpontemocenigo.com\/wp-content\/uploads\/2020\/10\/MG_2590.jpg\"><img decoding=\"async\" data-id=\"381\" src=\"https:\/\/alpontemocenigo.com\/wp-content\/uploads\/2020\/10\/MG_2590.jpg\" alt=\"Double Superior\" class=\"wp-image-381\"\/><\/a><\/figure>\n\n\n\n<figure class=\"wp-block-image size-large\"><a href=\"https:\/\/alpontemocenigo.com\/wp-content\/uploads\/2020\/10\/MG_2560.jpg\" data-lbwps-width=\"840\" data-lbwps-height=\"560\" data-lbwps-srcsmall=\"https:\/\/alpontemocenigo.com\/wp-content\/uploads\/2020\/10\/MG_2560.jpg\"><img decoding=\"async\" data-id=\"321\" src=\"https:\/\/alpontemocenigo.com\/wp-content\/uploads\/2020\/10\/MG_2560.jpg\" alt=\"Double Superior\" class=\"wp-image-321\"\/><\/a><\/figure>\n\n\n\n<figure class=\"wp-block-image size-large\"><a href=\"https:\/\/alpontemocenigo.com\/wp-content\/uploads\/2020\/10\/MG_9962-2.jpg\" data-lbwps-width=\"840\" data-lbwps-height=\"560\" data-lbwps-srcsmall=\"https:\/\/alpontemocenigo.com\/wp-content\/uploads\/2020\/10\/MG_9962-2.jpg\"><img decoding=\"async\" data-id=\"477\" src=\"https:\/\/alpontemocenigo.com\/wp-content\/uploads\/2020\/10\/MG_9962-2.jpg\" alt=\"Double Standard\" class=\"wp-image-477\"\/><\/a><\/figure>\n\n\n\n<figure class=\"wp-block-image size-large\"><a href=\"https:\/\/alpontemocenigo.com\/wp-content\/uploads\/2020\/10\/MG_2588-1.jpg\" data-lbwps-width=\"840\" data-lbwps-height=\"560\" data-lbwps-srcsmall=\"https:\/\/alpontemocenigo.com\/wp-content\/uploads\/2020\/10\/MG_2588-1.jpg\"><img decoding=\"async\" data-id=\"369\" src=\"https:\/\/alpontemocenigo.com\/wp-content\/uploads\/2020\/10\/MG_2588-1.jpg\" alt=\"Double Superior\" class=\"wp-image-369\"\/><\/a><\/figure>\n<\/figure>\n\n\n\n<p><\/p>\n","protected":false},"excerpt":{"rendered":"<p>Al Ponte Mocenigo Das Hotel, das dem ruhigen Rio di San Stae gegen\u00fcberliegt, erh\u00e4lt seinen Namen vom Privatsteg aus Marmor, \u00fcber den man ins Hotel gelangt und dessen Stufen direkt in den charakteristischen privaten Innenhof f\u00fchren. Man erz\u00e4hlt, dass Graf Alvise Mocenigo, bevor er zum Doge Venedigs ernannt wurde, eben diesen Steg f\u00fcr seine amour\u00f6sen [&hellip;]<\/p>\n","protected":false},"author":1,"featured_media":0,"parent":0,"menu_order":0,"comment_status":"closed","ping_status":"closed","template":"","meta":{"_acf_changed":false,"footnotes":""},"class_list":["post-389","page","type-page","status-publish","hentry"],"acf":[],"_links":{"self":[{"href":"https:\/\/staging.alpontemocenigo.com\/de\/wp-json\/wp\/v2\/pages\/389","targetHints":{"allow":["GET"]}}],"collection":[{"href":"https:\/\/staging.alpontemocenigo.com\/de\/wp-json\/wp\/v2\/pages"}],"about":[{"href":"https:\/\/staging.alpontemocenigo.com\/de\/wp-json\/wp\/v2\/types\/page"}],"author":[{"embeddable":true,"href":"https:\/\/staging.alpontemocenigo.com\/de\/wp-json\/wp\/v2\/users\/1"}],"replies":[{"embeddable":true,"href":"https:\/\/staging.alpontemocenigo.com\/de\/wp-json\/wp\/v2\/comments?post=389"}],"version-history":[{"count":2,"href":"https:\/\/staging.alpontemocenigo.com\/de\/wp-json\/wp\/v2\/pages\/389\/revisions"}],"predecessor-version":[{"id":402,"href":"https:\/\/staging.alpontemocenigo.com\/de\/wp-json\/wp\/v2\/pages\/389\/revisions\/402"}],"wp:attachment":[{"href":"https:\/\/staging.alpontemocenigo.com\/de\/wp-json\/wp\/v2\/media?parent=389"}],"curies":[{"name":"wp","href":"https:\/\/api.w.org\/{rel}","templated":true}]}}