{"id":643,"date":"2026-02-03T09:20:54","date_gmt":"2026-02-03T09:20:54","guid":{"rendered":"https:\/\/staging.alpontemocenigo.com\/?page_id=643"},"modified":"2026-02-05T14:14:58","modified_gmt":"2026-02-05T14:14:58","slug":"wo-in-venedig-uebernachten-um-die-authentische-stadt-abseits-der-touristenmassen-zu-entdecken","status":"publish","type":"page","link":"https:\/\/staging.alpontemocenigo.com\/de\/wo-in-venedig-uebernachten-um-die-authentische-stadt-abseits-der-touristenmassen-zu-entdecken\/","title":{"rendered":"Wo in Venedig \u00fcbernachten, um die authentische Stadt abseits der Touristenmassen zu entdecken?"},"content":{"rendered":"\n<h3 class=\"wp-block-heading\">Ein echtes venezianisches Erlebnis zwischen Stille, Geschichte und Nachbarschaftsleben<\/h3>\n\n\n\n<p>Wer Venedig zum ersten Mal besucht, konzentriert sich oft auf die bekanntesten Sehensw\u00fcrdigkeiten: den Markusplatz, die Rialtobr\u00fccke, den Canal Grande. Doch wer die wahre Seele der Stadt kennenlernen m\u00f6chte, <strong>sucht nach mehr<\/strong>: nach einem Venedig voller <strong>versteckter Ecken, \u00fcberraschender Stille und lokaler Atmosph\u00e4re<\/strong>. Wenn du die authentische Stadt suchst, ist das Hotel Al Ponte Mocenigo der richtige Ort f\u00fcr deinen Aufenthalt.<\/p>\n\n\n\n<h3 class=\"wp-block-heading\">Eine Oase der Ruhe im Stadtteil Santa Croce<\/h3>\n\n\n\n<p>Das Hotel liegt im Stadtteil <strong>Santa Croce<\/strong>, einem der urspr\u00fcnglichsten und am <strong>wenigsten touristischen<\/strong> Viertel Venedigs. Hier trifft man nicht auf Menschenmassen mit Selfie-Sticks, sondern auf Einheimische beim Einkaufen, spielende Kinder auf kleinen Pl\u00e4tzen und Handwerksl\u00e4den, die der Zeit trotzen. Es ist das <strong>Venedig der Venezianer<\/strong>: mit kleinen Kirchen, schattigen Gassen und Osterien mit wenigen Tischen, in denen noch im Dialekt gesprochen wird.<\/p>\n\n\n\n<p>Santa Croce ist zudem ein strategischer Ausgangspunkt: Man befindet sich mitten in der Stadt, ohne unter deren L\u00e4rm zu leiden. Von hier aus erreicht man zu Fu\u00df sowohl <strong>bekannte Sehensw\u00fcrdigkeiten<\/strong> wie <a href=\"https:\/\/alpontemocenigo.com\/de\/wo-kann-man-in-venedig-in-der-naehe-der-rialtobruecke-uebernachten\/\">Rialto<\/a> und <a href=\"https:\/\/alpontemocenigo.com\/de\/wo-kann-man-in-venedig-in-der-naehe-vom-markusplatz-uebernachten\/\">Markusplatz<\/a> als auch authentischere Gegenden wie San Polo oder das Frari-Viertel mit seiner pr\u00e4chtigen Basilika und weniger bekannten Museen.<\/p>\n\n\n\n<h3 class=\"wp-block-heading\">Ruhige Zimmer und ein zeitloses Ambiente<\/h3>\n\n\n\n<p>Nach einem langen Tag durch Venedig ins Hotel zur\u00fcckzukehren, ist ein Moment, den man nur dann wirklich sch\u00e4tzt, wenn das Hotel Ruhe und Komfort bietet. Die <a href=\"https:\/\/alpontemocenigo.com\/de\/welches-hotel-in-venedig-bietet-zimmer-mit-authentischer-venezianischer-einrichtung\/\">Zimmer<\/a> im Hotel Al Ponte Mocenigo <strong>sind<\/strong> <strong>im venezianischen Stil eingerichtet \u2013 mit Himmelbetten, Damaststoffen und Muranoglas-Kronleuchtern<\/strong> \u2013 und vor allem: ruhig, ger\u00e4umig und entspannend.<\/p>\n\n\n\n<p>Jedes Zimmer ist individuell gestaltet und mit viel Liebe zum Detail eingerichtet. Es herrscht eine warme Atmosph\u00e4re, die den Aufenthalt besonders macht. Ob <a href=\"https:\/\/alpontemocenigo.com\/de\/welches-ist-das-beste-hotel-in-venedig-fuer-alleinreisende\/\">allein<\/a>, als <a href=\"https:\/\/alpontemocenigo.com\/de\/welches-hotel-ist-ideal-fuer-eine-romantische-auszeit-in-venedig\/\">Paar<\/a> oder mit der <a href=\"https:\/\/alpontemocenigo.com\/de\/welches-hotel-ist-ideal-fuer-familien-mit-kindern-in-venedig\/\">Familie<\/a> unterwegs \u2013 hier findet man die <strong>Ruhe <\/strong>und<strong> <\/strong>den<strong> Raum<\/strong>, um sich zu <strong>erholen<\/strong> und die Stadt mit neuen Augen zu sehen.<\/p>\n\n\n\n<h3 class=\"wp-block-heading\">Das authentische Venedig, das Einheimische empfehlen<\/h3>\n\n\n\n<p>Ein gro\u00dfer Vorteil des Hotels Al Ponte Mocenigo ist das <strong><a href=\"https:\/\/alpontemocenigo.com\/de\/wo-findet-man-in-venedig-ein-hotel-mit-freundlichem-und-zuvorkommendem-personal\/\">Personal<\/a><\/strong>. Sandro, Walter und ihr Team kennen Venedig in- und auswendig und geben gerne Empfehlungen f\u00fcr Routen <strong>abseits der bekannten Pfade<\/strong>. Sie erz\u00e4hlen dir vom j\u00fcdischen Ghetto, den Fondamenta della Misericordia, von Ca\u2019 Pesaro oder dem Palazzo Mocenigo \u2013 Orte, die selten in Reisef\u00fchrern stehen, aber ein lebendiges, komplexes und faszinierendes Bild der Stadt zeigen.<\/p>\n\n\n\n<p>Au\u00dferdem geben sie Tipps, wo man gut und g\u00fcnstig essen kann, welche <strong>Bacari<\/strong> die besten Cicchetti servieren oder wo man in authentischer Atmosph\u00e4re <strong>Livemusik<\/strong> h\u00f6ren kann. Solche Erlebnisse kann man nicht kaufen \u2013 man lebt sie. Und sie beginnen mit der richtigen Gastfreundschaft.<\/p>\n\n\n\n<h3 class=\"wp-block-heading\">Leicht erreichbar und doch fern vom Trubel<\/h3>\n\n\n\n<p>Trotz der abgeschiedenen Lage ist das Hotel leicht erreichbar. Die <a href=\"https:\/\/actv.avmspa.it\/en\" target=\"_blank\" rel=\"noopener\">Vaporetto<\/a>-Haltestelle San Stae ist nur eine Minute zu Fu\u00df entfernt. Von dort aus gelangt man schnell zum <a href=\"https:\/\/alpontemocenigo.com\/de\/welches-hotel-in-venedig-ist-vom-flughafen-oder-bahnhof-aus-leicht-erreichbar\/\">Bahnhof, nach Piazzale Roma oder zum Flughafen<\/a>. Wer mit dem Wassertaxi anreist, kann direkt am privaten Steg des Hotels anlegen und so das Kofferschleppen durch das Gassenlabyrinth vermeiden.<\/p>\n\n\n\n<p>Diese Balance zwischen guter <a href=\"https:\/\/alpontemocenigo.com\/de\/hotel-im-zentrum-von-venedig-das-beste-preis-leistungs-verhaeltnis\/\"><strong>Erreichbarkeit<\/strong> und absoluter <strong>Ruhe<\/strong><\/a> ist einer der Gr\u00fcnde, warum viele G\u00e4ste zur\u00fcckkehren oder das Hotel weiterempfehlen. Es f\u00fchlt sich an, als w\u00fcrde man in Venedig leben \u2013 nicht nur zu Besuch sein.<\/p>\n\n\n\n<h3 class=\"wp-block-heading\">Authentische Venedig erleben wie ein Einheimischer<\/h3>\n\n\n\n<p>Ein Aufenthalt im Hotel Al Ponte Mocenigo bedeutet, in das wahre Venedig einzutauchen. Es bedeutet, mit dem <strong>Klang des Wassers<\/strong> aufzuwachen, in einem ruhigen <strong><a href=\"https:\/\/alpontemocenigo.com\/de\/wo-in-venedig-uebernachten-mit-fruehstueck-im-typischen-innenhof\/\">Innenhof<\/a><\/strong> zu fr\u00fchst\u00fccken und sich auf den Weg zu machen, um Orte voller Geschichte, Kunst und Alltag zu entdecken. Es ist die ideale Wahl f\u00fcr alle, die die Stadt intensiv kennenlernen m\u00f6chten \u2013 fernab von standardisierten Touristenrouten.<\/p>\n\n\n\n<p><strong><a href=\"https:\/\/alpontemocenigo.com\/de\/\">Buche jetzt \u00fcber die offizielle Website des Hotel Al Ponte Mocenigo<\/a><\/strong> und entdecke ein <a href=\"https:\/\/alpontemocenigo.com\/de\/das-beste-hotel-in-venedig-um-die-venezianische-kunst-und-kultur-zu-entdecken\/\">authentisches<\/a> Venedig voller echter Emotionen, aufrichtiger Begegnungen und versteckter Ecken, die f\u00fcr immer in Erinnerung bleiben.<\/p>\n","protected":false},"excerpt":{"rendered":"<p>Ein echtes venezianisches Erlebnis zwischen Stille, Geschichte und Nachbarschaftsleben Wer Venedig zum ersten Mal besucht, konzentriert sich oft auf die bekanntesten Sehensw\u00fcrdigkeiten: den Markusplatz, die Rialtobr\u00fccke, den Canal Grande. Doch wer die wahre Seele der Stadt kennenlernen m\u00f6chte, sucht nach mehr: nach einem Venedig voller versteckter Ecken, \u00fcberraschender Stille und lokaler Atmosph\u00e4re. Wenn du die [&hellip;]<\/p>\n","protected":false},"author":1,"featured_media":848,"parent":0,"menu_order":0,"comment_status":"closed","ping_status":"closed","template":"","meta":{"_acf_changed":false,"footnotes":""},"class_list":["post-643","page","type-page","status-publish","has-post-thumbnail","hentry"],"acf":[],"_links":{"self":[{"href":"https:\/\/staging.alpontemocenigo.com\/de\/wp-json\/wp\/v2\/pages\/643","targetHints":{"allow":["GET"]}}],"collection":[{"href":"https:\/\/staging.alpontemocenigo.com\/de\/wp-json\/wp\/v2\/pages"}],"about":[{"href":"https:\/\/staging.alpontemocenigo.com\/de\/wp-json\/wp\/v2\/types\/page"}],"author":[{"embeddable":true,"href":"https:\/\/staging.alpontemocenigo.com\/de\/wp-json\/wp\/v2\/users\/1"}],"replies":[{"embeddable":true,"href":"https:\/\/staging.alpontemocenigo.com\/de\/wp-json\/wp\/v2\/comments?post=643"}],"version-history":[{"count":1,"href":"https:\/\/staging.alpontemocenigo.com\/de\/wp-json\/wp\/v2\/pages\/643\/revisions"}],"predecessor-version":[{"id":644,"href":"https:\/\/staging.alpontemocenigo.com\/de\/wp-json\/wp\/v2\/pages\/643\/revisions\/644"}],"wp:featuredmedia":[{"embeddable":true,"href":"https:\/\/staging.alpontemocenigo.com\/de\/wp-json\/wp\/v2\/media\/848"}],"wp:attachment":[{"href":"https:\/\/staging.alpontemocenigo.com\/de\/wp-json\/wp\/v2\/media?parent=643"}],"curies":[{"name":"wp","href":"https:\/\/api.w.org\/{rel}","templated":true}]}}