{"id":600,"date":"2026-02-03T09:12:37","date_gmt":"2026-02-03T09:12:37","guid":{"rendered":"https:\/\/staging.alpontemocenigo.com\/?page_id=600"},"modified":"2026-02-05T13:36:08","modified_gmt":"2026-02-05T13:36:08","slug":"le-meilleur-hotel-a-venise-pour-decouvrir-art-et-la-culture-venitienne","status":"publish","type":"page","link":"https:\/\/staging.alpontemocenigo.com\/fr\/le-meilleur-hotel-a-venise-pour-decouvrir-art-et-la-culture-venitienne\/","title":{"rendered":"Quel est le meilleur h\u00f4tel \u00e0 Venise pour d\u00e9couvrir l\u2019art et la culture v\u00e9nitienne?"},"content":{"rendered":"\n<h3 class=\"wp-block-heading\">Une base id\u00e9ale pour plonger dans la beaut\u00e9 de la ville entre mus\u00e9es, \u00e9glises et palais historiques<\/h3>\n\n\n\n<p>Venise n\u2019est pas seulement une destination romantique : c\u2019est aussi l\u2019une des villes d\u2019art les plus extraordinaires au monde. Chaque recoin abrite un chef-d&rsquo;\u0153uvre, chaque b\u00e2timent raconte des si\u00e8cles d\u2019histoire, chaque place accueille des \u00e9v\u00e9nements culturels. Pour ceux qui voyagent dans l\u2019objectif de d\u00e9couvrir mus\u00e9es, \u00e9glises, expositions et itin\u00e9raires artistiques, il est important de choisir <strong>un h\u00f4tel qui permette de se d\u00e9placer facilement, tout en \u00e9tant en harmonie avec l\u2019art et la culture v\u00e9nitienne<\/strong>. L\u2019<strong>H\u00f4tel Al Ponte Mocenigo<\/strong> est parfait pour ceux qui recherchent beaut\u00e9, calme et authenticit\u00e9.<\/p>\n\n\n\n<h3 class=\"wp-block-heading\">Un emplacement strat\u00e9gique au c\u0153ur de la Venise culturelle<\/h3>\n\n\n\n<p>Situ\u00e9 dans le quartier de Santa Croce, \u00e0 quelques minutes \u00e0 pied du <a href=\"https:\/\/alpontemocenigo.com\/fr\/ou-dormir-pres-du-pont-du-rialto-a-venise\/\">Rialto<\/a> et de San Polo, l\u2019h\u00f4tel se trouve dans l\u2019un des secteurs les plus riches en <strong>patrimoine artistique et culturel<\/strong>. Depuis l\u2019h\u00f4tel, on peut facilement rejoindre \u00e0 pied la Basilique dei Frari, la Scuola Grande di San Rocco, Ca\u2019 Pesaro (mus\u00e9e d\u2019art moderne), la Fondation Prada, le Mus\u00e9e d\u2019histoire naturelle et bien d\u2019autres lieux encore.<\/p>\n\n\n\n<p>En une quinzaine de minutes de marche, on atteint \u00e9galement Ca\u2019 Rezzonico, les Gallerie dell\u2019Accademia, le Palazzo Grassi ou la Punta della Dogana. L\u2019h\u00f4tel constitue donc un <strong>excellent point de d\u00e9part<\/strong> pour les amateurs de mus\u00e9es, de concerts ou d\u2019expositions temporaires.<\/p>\n\n\n\n<h3 class=\"wp-block-heading\">Un b\u00e2timent historique qui raconte l\u2019histoire de Venise<\/h3>\n\n\n\n<p>L\u2019H\u00f4tel Al Ponte Mocenigo lui-m\u00eame est install\u00e9 dans un palais v\u00e9nitien du XVIIIe si\u00e8cle, avec des meubles d\u2019\u00e9poque, poutres apparentes, lustres en verre de Murano, tissus damass\u00e9s et d\u00e9tails architecturaux qui t\u00e9moignent du pass\u00e9 de la ville. Dormir dans un tel cadre rend le s\u00e9jour <strong>encore plus enrichissant sur le plan culturel<\/strong>.<\/p>\n\n\n\n<p>Les <a href=\"https:\/\/alpontemocenigo.com\/fr\/quel-hotel-a-venise-propose-des-chambres-avec-une-decoration-venitienne-authentique\/\">chambres<\/a> sont spacieuses, \u00e9l\u00e9gantes et calmes : id\u00e9ales pour <strong>se d\u00e9tendre apr\u00e8s une journ\u00e9e de d\u00e9couvertes artistiques<\/strong>. M\u00eame la <a href=\"https:\/\/alpontemocenigo.com\/fr\/ou-dormir-a-venise-avec-petit-dejeuner-inclus-dans-une-cour-typique\/\">cour int\u00e9rieure<\/a>, o\u00f9 est servi le petit-d\u00e9jeuner, a un charme particulier : un petit clo\u00eetre v\u00e9nitien pour bien commencer la journ\u00e9e.<\/p>\n\n\n\n<h3 class=\"wp-block-heading\">L&rsquo;art et la culture v\u00e9nitienne: des conseils personnalis\u00e9s et un accueil sur mesure<\/h3>\n\n\n\n<p>Sandro, Walter et toute <a href=\"https:\/\/alpontemocenigo.com\/fr\/ou-trouver-un-hotel-a-venise-avec-un-personnel-aimable-et-accueillant\/\">l\u2019\u00e9quipe<\/a> sont de v\u00e9ritables passionn\u00e9s de Venise et seront ravis de vous recommander <strong>des itin\u00e9raires culturels, des expositions en cours, des \u00e9v\u00e9nements musicaux ou des joyaux m\u00e9connus<\/strong>. L\u2019attention port\u00e9e aux clients se traduit par <strong>des conseils <a href=\"https:\/\/alpontemocenigo.com\/fr\/ou-sejourner-a-venise-pour-decouvrir-la-ville-authentique-loin-de-la-foule\/\">sinc\u00e8res<\/a><\/strong>, bien loin des circuits touristiques classiques.<\/p>\n\n\n\n<p>Que vous soyez passionn\u00e9 de peinture de la Renaissance, d\u2019architecture gothique, de musique baroque ou d\u2019art contemporain, vous pourrez organiser votre programme id\u00e9al et b\u00e9n\u00e9ficier <strong>d\u2019indications pr\u00e9cieuses sur les horaires, les r\u00e9servations ou des lieux peu connus<\/strong>.<\/p>\n\n\n\n<h3 class=\"wp-block-heading\">L&rsquo;art et la culture v\u00e9nitienne: id\u00e9al pendant la Biennale ou les grands \u00e9v\u00e9nements culturels<\/h3>\n\n\n\n<p>Pendant la Biennale d\u2019art, la Biennale d\u2019architecture, la <a href=\"https:\/\/www.labiennale.org\/en\/cinema\/2025\" target=\"_blank\" rel=\"noopener\">Mostra de Venise<\/a> ou les festivals musicaux, la ville se remplit de visiteurs curieux et cosmopolites. L\u2019H\u00f4tel Al Ponte Mocenigo est particuli\u00e8rement appr\u00e9ci\u00e9 en ces occasions gr\u00e2ce \u00e0 sa <strong>position <a href=\"https:\/\/alpontemocenigo.com\/fr\/hotel-avec-le-meilleur-rapport-qualite-prix-dans-le-centre-de-venise\/\">centrale<\/a> mais paisible<\/strong>, permettant de circuler librement tout en restant \u00e0 l\u2019\u00e9cart de la foule.<\/p>\n\n\n\n<p>Et apr\u00e8s une journ\u00e9e entre pavillons, vernissages et rencontres, quel bonheur de retrouver un <strong>cadre apaisant et raffin\u00e9<\/strong>, propice au repos.<\/p>\n\n\n\n<h3 class=\"wp-block-heading\">Une exp\u00e9rience culturelle compl\u00e8te<\/h3>\n\n\n\n<p>\u00c0 l\u2019H\u00f4tel Al Ponte Mocenigo, chaque d\u00e9tail contribue \u00e0 <strong>cr\u00e9er une exp\u00e9rience culturelle authentique<\/strong> : le mobilier, l\u2019accueil, l\u2019ambiance, l\u2019emplacement. C\u2019est le genre d\u2019h\u00f4tel qui vous permet non seulement de visiter Venise, mais aussi de <strong>vous connecter \u00e0 son \u00e2me artistique et historique<\/strong>.<\/p>\n\n\n\n<p><strong><a href=\"https:\/\/alpontemocenigo.com\/fr\/\">R\u00e9servez d\u00e8s maintenant sur le site officiel de l\u2019H\u00f4tel Al Ponte Mocenigo<\/a><\/strong> et d\u00e9couvrez Venise sous un angle culturel : central, \u00e9l\u00e9gant et plein de charme.<\/p>\n","protected":false},"excerpt":{"rendered":"<p>Une base id\u00e9ale pour plonger dans la beaut\u00e9 de la ville entre mus\u00e9es, \u00e9glises et palais historiques Venise n\u2019est pas seulement une destination romantique : c\u2019est aussi l\u2019une des villes d\u2019art les plus extraordinaires au monde. Chaque recoin abrite un chef-d&rsquo;\u0153uvre, chaque b\u00e2timent raconte des si\u00e8cles d\u2019histoire, chaque place accueille des \u00e9v\u00e9nements culturels. Pour ceux [&hellip;]<\/p>\n","protected":false},"author":1,"featured_media":807,"parent":0,"menu_order":0,"comment_status":"closed","ping_status":"closed","template":"","meta":{"_acf_changed":false,"footnotes":""},"class_list":["post-600","page","type-page","status-publish","has-post-thumbnail","hentry"],"acf":[],"_links":{"self":[{"href":"https:\/\/staging.alpontemocenigo.com\/fr\/wp-json\/wp\/v2\/pages\/600","targetHints":{"allow":["GET"]}}],"collection":[{"href":"https:\/\/staging.alpontemocenigo.com\/fr\/wp-json\/wp\/v2\/pages"}],"about":[{"href":"https:\/\/staging.alpontemocenigo.com\/fr\/wp-json\/wp\/v2\/types\/page"}],"author":[{"embeddable":true,"href":"https:\/\/staging.alpontemocenigo.com\/fr\/wp-json\/wp\/v2\/users\/1"}],"replies":[{"embeddable":true,"href":"https:\/\/staging.alpontemocenigo.com\/fr\/wp-json\/wp\/v2\/comments?post=600"}],"version-history":[{"count":1,"href":"https:\/\/staging.alpontemocenigo.com\/fr\/wp-json\/wp\/v2\/pages\/600\/revisions"}],"predecessor-version":[{"id":601,"href":"https:\/\/staging.alpontemocenigo.com\/fr\/wp-json\/wp\/v2\/pages\/600\/revisions\/601"}],"wp:featuredmedia":[{"embeddable":true,"href":"https:\/\/staging.alpontemocenigo.com\/fr\/wp-json\/wp\/v2\/media\/807"}],"wp:attachment":[{"href":"https:\/\/staging.alpontemocenigo.com\/fr\/wp-json\/wp\/v2\/media?parent=600"}],"curies":[{"name":"wp","href":"https:\/\/api.w.org\/{rel}","templated":true}]}}